{"id":625,"date":"2022-04-14T17:47:40","date_gmt":"2022-04-14T15:47:40","guid":{"rendered":"https:\/\/www.hostalcolon.es\/web\/?page_id=625"},"modified":"2022-04-18T07:46:25","modified_gmt":"2022-04-18T05:46:25","slug":"habitacion-individual","status":"publish","type":"page","link":"https:\/\/www.hostalcolon.es\/web\/habitacion-individual\/","title":{"rendered":"Habitaci\u00f3n individual"},"content":{"rendered":"\n<div id=\"wp-block-themeisle-blocks-advanced-columns-821a3485\" class=\"wp-block-themeisle-blocks-advanced-columns has-1-columns has-desktop-equal-layout has-tablet-equal-layout has-mobile-equal-layout has-vertical-unset\"><div class=\"wp-block-themeisle-blocks-advanced-columns-overlay\"><\/div><div class=\"innerblocks-wrap\">\n<div id=\"wp-block-themeisle-blocks-advanced-column-88bf0422\" class=\"wp-block-themeisle-blocks-advanced-column\">\n<p class=\"has-text-align-center\"><strong>Habitaci\u00f3n Individual con ba\u00f1o privado<\/strong> <br>1 cama individual<br>capacidad m\u00e1xima: 1 adulto<\/p>\n\n\n\n<p>Habitaci\u00f3n con decoraci\u00f3n funcional, dispone de ba\u00f1o privado, aire acondicionado y suelo de baldosa. Equipada con TV, conexi\u00f3n WIFI gratuita y ba\u00f1o privado con secador de pelo. Se proporcionan toallas y ropa de cama.<\/p>\n\n\n\n<div class=\"wp-block-jetpack-tiled-gallery aligncenter is-style-rectangular\"><div class=\"tiled-gallery__gallery\"><div class=\"tiled-gallery__row\"><div class=\"tiled-gallery__col\" style=\"flex-basis:23.56458%\"><figure class=\"tiled-gallery__item\"><img decoding=\"async\" data-attachment-id=\"575\" data-permalink=\"https:\/\/www.hostalcolon.es\/web\/single-bedroom-centric-hostal-colon-cadiz\/\" data-orig-file=\"https:\/\/www.hostalcolon.es\/web\/wp-content\/uploads\/2022\/04\/Single-bedroom-centric-Hostal-Colon-Cadiz.jpg\" data-orig-size=\"512,768\" data-comments-opened=\"1\" data-image-meta=\"{&quot;aperture&quot;:&quot;0&quot;,&quot;credit&quot;:&quot;&quot;,&quot;camera&quot;:&quot;&quot;,&quot;caption&quot;:&quot;&quot;,&quot;created_timestamp&quot;:&quot;0&quot;,&quot;copyright&quot;:&quot;&quot;,&quot;focal_length&quot;:&quot;0&quot;,&quot;iso&quot;:&quot;0&quot;,&quot;shutter_speed&quot;:&quot;0&quot;,&quot;title&quot;:&quot;&quot;,&quot;orientation&quot;:&quot;0&quot;}\" data-image-title=\"Single bedroom centric Hostal Colon Cadiz\" data-image-description=\"\" data-image-caption=\"\" data-large-file=\"https:\/\/www.hostalcolon.es\/web\/wp-content\/uploads\/2022\/04\/Single-bedroom-centric-Hostal-Colon-Cadiz.jpg\" data-attachment-id=\"575\" data-permalink=\"https:\/\/www.hostalcolon.es\/web\/single-bedroom-centric-hostal-colon-cadiz\/\" data-orig-file=\"https:\/\/www.hostalcolon.es\/web\/wp-content\/uploads\/2022\/04\/Single-bedroom-centric-Hostal-Colon-Cadiz.jpg\" data-orig-size=\"512,768\" data-comments-opened=\"1\" data-image-meta=\"{&quot;aperture&quot;:&quot;0&quot;,&quot;credit&quot;:&quot;&quot;,&quot;camera&quot;:&quot;&quot;,&quot;caption&quot;:&quot;&quot;,&quot;created_timestamp&quot;:&quot;0&quot;,&quot;copyright&quot;:&quot;&quot;,&quot;focal_length&quot;:&quot;0&quot;,&quot;iso&quot;:&quot;0&quot;,&quot;shutter_speed&quot;:&quot;0&quot;,&quot;title&quot;:&quot;&quot;,&quot;orientation&quot;:&quot;0&quot;}\" data-image-title=\"Single bedroom centric Hostal Colon Cadiz\" data-image-description=\"\" data-image-caption=\"\" data-large-file=\"https:\/\/www.hostalcolon.es\/web\/wp-content\/uploads\/2022\/04\/Single-bedroom-centric-Hostal-Colon-Cadiz.jpg\" role=\"button\" tabindex=\"0\" aria-label=\"Abrir la imagen 1 de 5 en pantalla completa\"srcset=\"https:\/\/i0.wp.com\/www.hostalcolon.es\/web\/wp-content\/uploads\/2022\/04\/Single-bedroom-centric-Hostal-Colon-Cadiz.jpg?strip=info&#038;w=512&#038;ssl=1 512w\" alt=\"Single bedroom centric Hostal Colon Cadiz\" data-height=\"768\" data-id=\"575\" data-link=\"https:\/\/www.hostalcolon.es\/web\/single-bedroom-centric-hostal-colon-cadiz\/\" data-url=\"https:\/\/www.hostalcolon.es\/web\/wp-content\/uploads\/2022\/04\/Single-bedroom-centric-Hostal-Colon-Cadiz.jpg\" data-width=\"512\" src=\"https:\/\/i0.wp.com\/www.hostalcolon.es\/web\/wp-content\/uploads\/2022\/04\/Single-bedroom-centric-Hostal-Colon-Cadiz.jpg?ssl=1\" data-amp-layout=\"responsive\"\/><\/figure><\/div><div class=\"tiled-gallery__col\" style=\"flex-basis:52.87083%\"><figure class=\"tiled-gallery__item\"><img decoding=\"async\" data-attachment-id=\"574\" data-permalink=\"https:\/\/www.hostalcolon.es\/web\/individual-con-bano-hostal-colon-cadiz\/\" data-orig-file=\"https:\/\/www.hostalcolon.es\/web\/wp-content\/uploads\/2022\/04\/Individual-con-bano-Hostal-Colon-Cadiz.jpg\" data-orig-size=\"1024,683\" data-comments-opened=\"1\" data-image-meta=\"{&quot;aperture&quot;:&quot;0&quot;,&quot;credit&quot;:&quot;&quot;,&quot;camera&quot;:&quot;&quot;,&quot;caption&quot;:&quot;&quot;,&quot;created_timestamp&quot;:&quot;0&quot;,&quot;copyright&quot;:&quot;&quot;,&quot;focal_length&quot;:&quot;0&quot;,&quot;iso&quot;:&quot;0&quot;,&quot;shutter_speed&quot;:&quot;0&quot;,&quot;title&quot;:&quot;&quot;,&quot;orientation&quot;:&quot;0&quot;}\" data-image-title=\"Individual con ba\u00f1o Hostal Colon Cadiz\" data-image-description=\"\" data-image-caption=\"\" data-large-file=\"https:\/\/www.hostalcolon.es\/web\/wp-content\/uploads\/2022\/04\/Individual-con-bano-Hostal-Colon-Cadiz.jpg\" data-attachment-id=\"574\" data-permalink=\"https:\/\/www.hostalcolon.es\/web\/individual-con-bano-hostal-colon-cadiz\/\" data-orig-file=\"https:\/\/www.hostalcolon.es\/web\/wp-content\/uploads\/2022\/04\/Individual-con-bano-Hostal-Colon-Cadiz.jpg\" data-orig-size=\"1024,683\" data-comments-opened=\"1\" data-image-meta=\"{&quot;aperture&quot;:&quot;0&quot;,&quot;credit&quot;:&quot;&quot;,&quot;camera&quot;:&quot;&quot;,&quot;caption&quot;:&quot;&quot;,&quot;created_timestamp&quot;:&quot;0&quot;,&quot;copyright&quot;:&quot;&quot;,&quot;focal_length&quot;:&quot;0&quot;,&quot;iso&quot;:&quot;0&quot;,&quot;shutter_speed&quot;:&quot;0&quot;,&quot;title&quot;:&quot;&quot;,&quot;orientation&quot;:&quot;0&quot;}\" data-image-title=\"Individual con ba\u00f1o Hostal Colon Cadiz\" data-image-description=\"\" data-image-caption=\"\" data-large-file=\"https:\/\/www.hostalcolon.es\/web\/wp-content\/uploads\/2022\/04\/Individual-con-bano-Hostal-Colon-Cadiz.jpg\" role=\"button\" tabindex=\"0\" aria-label=\"Abrir la imagen 2 de 5 en pantalla completa\"srcset=\"https:\/\/i1.wp.com\/www.hostalcolon.es\/web\/wp-content\/uploads\/2022\/04\/Individual-con-bano-Hostal-Colon-Cadiz.jpg?strip=info&#038;w=600&#038;ssl=1 600w,https:\/\/i1.wp.com\/www.hostalcolon.es\/web\/wp-content\/uploads\/2022\/04\/Individual-con-bano-Hostal-Colon-Cadiz.jpg?strip=info&#038;w=900&#038;ssl=1 900w,https:\/\/i1.wp.com\/www.hostalcolon.es\/web\/wp-content\/uploads\/2022\/04\/Individual-con-bano-Hostal-Colon-Cadiz.jpg?strip=info&#038;w=1024&#038;ssl=1 1024w\" alt=\"Individual con ba\u00f1o Hostal Colon Cadiz\" data-height=\"683\" data-id=\"574\" data-link=\"https:\/\/www.hostalcolon.es\/web\/individual-con-bano-hostal-colon-cadiz\/\" data-url=\"https:\/\/www.hostalcolon.es\/web\/wp-content\/uploads\/2022\/04\/Individual-con-bano-Hostal-Colon-Cadiz.jpg\" data-width=\"1024\" src=\"https:\/\/i1.wp.com\/www.hostalcolon.es\/web\/wp-content\/uploads\/2022\/04\/Individual-con-bano-Hostal-Colon-Cadiz.jpg?ssl=1\" data-amp-layout=\"responsive\"\/><\/figure><\/div><div class=\"tiled-gallery__col\" style=\"flex-basis:23.56458%\"><figure class=\"tiled-gallery__item\"><img decoding=\"async\" data-attachment-id=\"577\" data-permalink=\"https:\/\/www.hostalcolon.es\/web\/bano-de-habitacion-individual-hostal-colon-cadiz\/\" data-orig-file=\"https:\/\/www.hostalcolon.es\/web\/wp-content\/uploads\/2022\/04\/Bano-de-habitacion-individual-Hostal-Colon-Cadiz.jpg\" data-orig-size=\"512,768\" data-comments-opened=\"1\" data-image-meta=\"{&quot;aperture&quot;:&quot;0&quot;,&quot;credit&quot;:&quot;&quot;,&quot;camera&quot;:&quot;&quot;,&quot;caption&quot;:&quot;&quot;,&quot;created_timestamp&quot;:&quot;0&quot;,&quot;copyright&quot;:&quot;&quot;,&quot;focal_length&quot;:&quot;0&quot;,&quot;iso&quot;:&quot;0&quot;,&quot;shutter_speed&quot;:&quot;0&quot;,&quot;title&quot;:&quot;&quot;,&quot;orientation&quot;:&quot;0&quot;}\" data-image-title=\"Ba\u00f1o de habitacion individual Hostal Colon Cadiz\" data-image-description=\"\" data-image-caption=\"\" data-large-file=\"https:\/\/www.hostalcolon.es\/web\/wp-content\/uploads\/2022\/04\/Bano-de-habitacion-individual-Hostal-Colon-Cadiz.jpg\" data-attachment-id=\"577\" data-permalink=\"https:\/\/www.hostalcolon.es\/web\/bano-de-habitacion-individual-hostal-colon-cadiz\/\" data-orig-file=\"https:\/\/www.hostalcolon.es\/web\/wp-content\/uploads\/2022\/04\/Bano-de-habitacion-individual-Hostal-Colon-Cadiz.jpg\" data-orig-size=\"512,768\" data-comments-opened=\"1\" data-image-meta=\"{&quot;aperture&quot;:&quot;0&quot;,&quot;credit&quot;:&quot;&quot;,&quot;camera&quot;:&quot;&quot;,&quot;caption&quot;:&quot;&quot;,&quot;created_timestamp&quot;:&quot;0&quot;,&quot;copyright&quot;:&quot;&quot;,&quot;focal_length&quot;:&quot;0&quot;,&quot;iso&quot;:&quot;0&quot;,&quot;shutter_speed&quot;:&quot;0&quot;,&quot;title&quot;:&quot;&quot;,&quot;orientation&quot;:&quot;0&quot;}\" data-image-title=\"Ba\u00f1o de habitacion individual Hostal Colon Cadiz\" data-image-description=\"\" data-image-caption=\"\" data-large-file=\"https:\/\/www.hostalcolon.es\/web\/wp-content\/uploads\/2022\/04\/Bano-de-habitacion-individual-Hostal-Colon-Cadiz.jpg\" role=\"button\" tabindex=\"0\" aria-label=\"Abrir la imagen 3 de 5 en pantalla completa\"srcset=\"https:\/\/i2.wp.com\/www.hostalcolon.es\/web\/wp-content\/uploads\/2022\/04\/Bano-de-habitacion-individual-Hostal-Colon-Cadiz.jpg?strip=info&#038;w=512&#038;ssl=1 512w\" alt=\"Ba\u00f1o de habitacion individual Hostal Colon Cadiz\" data-height=\"768\" data-id=\"577\" data-link=\"https:\/\/www.hostalcolon.es\/web\/bano-de-habitacion-individual-hostal-colon-cadiz\/\" data-url=\"https:\/\/www.hostalcolon.es\/web\/wp-content\/uploads\/2022\/04\/Bano-de-habitacion-individual-Hostal-Colon-Cadiz.jpg\" data-width=\"512\" src=\"https:\/\/i2.wp.com\/www.hostalcolon.es\/web\/wp-content\/uploads\/2022\/04\/Bano-de-habitacion-individual-Hostal-Colon-Cadiz.jpg?ssl=1\" data-amp-layout=\"responsive\"\/><\/figure><\/div><\/div><div class=\"tiled-gallery__row\"><div class=\"tiled-gallery__col\" style=\"flex-basis:50.00000%\"><figure class=\"tiled-gallery__item\"><img decoding=\"async\" data-attachment-id=\"578\" data-permalink=\"https:\/\/www.hostalcolon.es\/web\/toilet-from-single-bedroom-hostal-colon-cadiz\/\" data-orig-file=\"https:\/\/www.hostalcolon.es\/web\/wp-content\/uploads\/2022\/04\/Toilet-from-single-bedroom-Hostal-Colon-Cadiz.jpg\" data-orig-size=\"1024,683\" data-comments-opened=\"1\" data-image-meta=\"{&quot;aperture&quot;:&quot;0&quot;,&quot;credit&quot;:&quot;&quot;,&quot;camera&quot;:&quot;&quot;,&quot;caption&quot;:&quot;&quot;,&quot;created_timestamp&quot;:&quot;0&quot;,&quot;copyright&quot;:&quot;&quot;,&quot;focal_length&quot;:&quot;0&quot;,&quot;iso&quot;:&quot;0&quot;,&quot;shutter_speed&quot;:&quot;0&quot;,&quot;title&quot;:&quot;&quot;,&quot;orientation&quot;:&quot;0&quot;}\" data-image-title=\"Toilet from single bedroom Hostal Colon Cadiz\" data-image-description=\"\" data-image-caption=\"\" data-large-file=\"https:\/\/www.hostalcolon.es\/web\/wp-content\/uploads\/2022\/04\/Toilet-from-single-bedroom-Hostal-Colon-Cadiz.jpg\" data-attachment-id=\"578\" data-permalink=\"https:\/\/www.hostalcolon.es\/web\/toilet-from-single-bedroom-hostal-colon-cadiz\/\" data-orig-file=\"https:\/\/www.hostalcolon.es\/web\/wp-content\/uploads\/2022\/04\/Toilet-from-single-bedroom-Hostal-Colon-Cadiz.jpg\" data-orig-size=\"1024,683\" data-comments-opened=\"1\" data-image-meta=\"{&quot;aperture&quot;:&quot;0&quot;,&quot;credit&quot;:&quot;&quot;,&quot;camera&quot;:&quot;&quot;,&quot;caption&quot;:&quot;&quot;,&quot;created_timestamp&quot;:&quot;0&quot;,&quot;copyright&quot;:&quot;&quot;,&quot;focal_length&quot;:&quot;0&quot;,&quot;iso&quot;:&quot;0&quot;,&quot;shutter_speed&quot;:&quot;0&quot;,&quot;title&quot;:&quot;&quot;,&quot;orientation&quot;:&quot;0&quot;}\" data-image-title=\"Toilet from single bedroom Hostal Colon Cadiz\" data-image-description=\"\" data-image-caption=\"\" data-large-file=\"https:\/\/www.hostalcolon.es\/web\/wp-content\/uploads\/2022\/04\/Toilet-from-single-bedroom-Hostal-Colon-Cadiz.jpg\" role=\"button\" tabindex=\"0\" aria-label=\"Abrir la imagen 4 de 5 en pantalla completa\"srcset=\"https:\/\/i2.wp.com\/www.hostalcolon.es\/web\/wp-content\/uploads\/2022\/04\/Toilet-from-single-bedroom-Hostal-Colon-Cadiz.jpg?strip=info&#038;w=600&#038;ssl=1 600w,https:\/\/i2.wp.com\/www.hostalcolon.es\/web\/wp-content\/uploads\/2022\/04\/Toilet-from-single-bedroom-Hostal-Colon-Cadiz.jpg?strip=info&#038;w=900&#038;ssl=1 900w,https:\/\/i2.wp.com\/www.hostalcolon.es\/web\/wp-content\/uploads\/2022\/04\/Toilet-from-single-bedroom-Hostal-Colon-Cadiz.jpg?strip=info&#038;w=1024&#038;ssl=1 1024w\" alt=\"Toilet from single bedroom Hostal Colon Cadiz\" data-height=\"683\" data-id=\"578\" data-link=\"https:\/\/www.hostalcolon.es\/web\/toilet-from-single-bedroom-hostal-colon-cadiz\/\" data-url=\"https:\/\/www.hostalcolon.es\/web\/wp-content\/uploads\/2022\/04\/Toilet-from-single-bedroom-Hostal-Colon-Cadiz.jpg\" data-width=\"1024\" src=\"https:\/\/i2.wp.com\/www.hostalcolon.es\/web\/wp-content\/uploads\/2022\/04\/Toilet-from-single-bedroom-Hostal-Colon-Cadiz.jpg?ssl=1\" data-amp-layout=\"responsive\"\/><\/figure><\/div><div class=\"tiled-gallery__col\" style=\"flex-basis:50.00000%\"><figure class=\"tiled-gallery__item\"><img decoding=\"async\" data-attachment-id=\"576\" data-permalink=\"https:\/\/www.hostalcolon.es\/web\/single-bedroom-with-private-bathroom-hostal-colon-cadiz\/\" data-orig-file=\"https:\/\/www.hostalcolon.es\/web\/wp-content\/uploads\/2022\/04\/Single-bedroom-with-private-bathroom-Hostal-Colon-Cadiz.jpg\" data-orig-size=\"1024,683\" data-comments-opened=\"1\" data-image-meta=\"{&quot;aperture&quot;:&quot;0&quot;,&quot;credit&quot;:&quot;&quot;,&quot;camera&quot;:&quot;&quot;,&quot;caption&quot;:&quot;&quot;,&quot;created_timestamp&quot;:&quot;0&quot;,&quot;copyright&quot;:&quot;&quot;,&quot;focal_length&quot;:&quot;0&quot;,&quot;iso&quot;:&quot;0&quot;,&quot;shutter_speed&quot;:&quot;0&quot;,&quot;title&quot;:&quot;&quot;,&quot;orientation&quot;:&quot;0&quot;}\" data-image-title=\"Single bedroom with private bathroom Hostal Colon Cadiz\" data-image-description=\"\" data-image-caption=\"\" data-large-file=\"https:\/\/www.hostalcolon.es\/web\/wp-content\/uploads\/2022\/04\/Single-bedroom-with-private-bathroom-Hostal-Colon-Cadiz.jpg\" data-attachment-id=\"576\" data-permalink=\"https:\/\/www.hostalcolon.es\/web\/single-bedroom-with-private-bathroom-hostal-colon-cadiz\/\" data-orig-file=\"https:\/\/www.hostalcolon.es\/web\/wp-content\/uploads\/2022\/04\/Single-bedroom-with-private-bathroom-Hostal-Colon-Cadiz.jpg\" data-orig-size=\"1024,683\" data-comments-opened=\"1\" data-image-meta=\"{&quot;aperture&quot;:&quot;0&quot;,&quot;credit&quot;:&quot;&quot;,&quot;camera&quot;:&quot;&quot;,&quot;caption&quot;:&quot;&quot;,&quot;created_timestamp&quot;:&quot;0&quot;,&quot;copyright&quot;:&quot;&quot;,&quot;focal_length&quot;:&quot;0&quot;,&quot;iso&quot;:&quot;0&quot;,&quot;shutter_speed&quot;:&quot;0&quot;,&quot;title&quot;:&quot;&quot;,&quot;orientation&quot;:&quot;0&quot;}\" data-image-title=\"Single bedroom with private bathroom Hostal Colon Cadiz\" data-image-description=\"\" data-image-caption=\"\" data-large-file=\"https:\/\/www.hostalcolon.es\/web\/wp-content\/uploads\/2022\/04\/Single-bedroom-with-private-bathroom-Hostal-Colon-Cadiz.jpg\" role=\"button\" tabindex=\"0\" aria-label=\"Abrir la imagen 5 de 5 en pantalla completa\"srcset=\"https:\/\/i0.wp.com\/www.hostalcolon.es\/web\/wp-content\/uploads\/2022\/04\/Single-bedroom-with-private-bathroom-Hostal-Colon-Cadiz.jpg?strip=info&#038;w=600&#038;ssl=1 600w,https:\/\/i0.wp.com\/www.hostalcolon.es\/web\/wp-content\/uploads\/2022\/04\/Single-bedroom-with-private-bathroom-Hostal-Colon-Cadiz.jpg?strip=info&#038;w=900&#038;ssl=1 900w,https:\/\/i0.wp.com\/www.hostalcolon.es\/web\/wp-content\/uploads\/2022\/04\/Single-bedroom-with-private-bathroom-Hostal-Colon-Cadiz.jpg?strip=info&#038;w=1024&#038;ssl=1 1024w\" alt=\"Single bedroom with private bathroom Hostal Colon Cadiz\" data-height=\"683\" data-id=\"576\" data-link=\"https:\/\/www.hostalcolon.es\/web\/single-bedroom-with-private-bathroom-hostal-colon-cadiz\/\" data-url=\"https:\/\/www.hostalcolon.es\/web\/wp-content\/uploads\/2022\/04\/Single-bedroom-with-private-bathroom-Hostal-Colon-Cadiz.jpg\" data-width=\"1024\" src=\"https:\/\/i0.wp.com\/www.hostalcolon.es\/web\/wp-content\/uploads\/2022\/04\/Single-bedroom-with-private-bathroom-Hostal-Colon-Cadiz.jpg?ssl=1\" data-amp-layout=\"responsive\"\/><\/figure><\/div><\/div><\/div><\/div>\n<\/div>\n<\/div><\/div>\n\n\n\n<p><\/p>\n","protected":false},"excerpt":{"rendered":"","protected":false},"author":1,"featured_media":0,"parent":0,"menu_order":0,"comment_status":"closed","ping_status":"closed","template":"","meta":{"neve_meta_sidebar":"full-width","neve_meta_container":"","neve_meta_enable_content_width":"on","neve_meta_content_width":100,"neve_meta_title_alignment":"","neve_meta_author_avatar":"","neve_post_elements_order":"","neve_meta_disable_header":"","neve_meta_disable_footer":"","neve_meta_disable_title":"","neve_meta_reading_time":"","advanced_seo_description":"","jetpack_seo_html_title":"","jetpack_seo_noindex":false,"_themeisle_gutenberg_block_has_review":false,"footnotes":""},"class_list":["post-625","page","type-page","status-publish","hentry"],"jetpack_sharing_enabled":true,"_links":{"self":[{"href":"https:\/\/www.hostalcolon.es\/web\/wp-json\/wp\/v2\/pages\/625","targetHints":{"allow":["GET"]}}],"collection":[{"href":"https:\/\/www.hostalcolon.es\/web\/wp-json\/wp\/v2\/pages"}],"about":[{"href":"https:\/\/www.hostalcolon.es\/web\/wp-json\/wp\/v2\/types\/page"}],"author":[{"embeddable":true,"href":"https:\/\/www.hostalcolon.es\/web\/wp-json\/wp\/v2\/users\/1"}],"replies":[{"embeddable":true,"href":"https:\/\/www.hostalcolon.es\/web\/wp-json\/wp\/v2\/comments?post=625"}],"version-history":[{"count":5,"href":"https:\/\/www.hostalcolon.es\/web\/wp-json\/wp\/v2\/pages\/625\/revisions"}],"predecessor-version":[{"id":668,"href":"https:\/\/www.hostalcolon.es\/web\/wp-json\/wp\/v2\/pages\/625\/revisions\/668"}],"wp:attachment":[{"href":"https:\/\/www.hostalcolon.es\/web\/wp-json\/wp\/v2\/media?parent=625"}],"curies":[{"name":"wp","href":"https:\/\/api.w.org\/{rel}","templated":true}]}}